{"id":675,"date":"2022-03-04T18:34:51","date_gmt":"2022-03-04T17:34:51","guid":{"rendered":"https:\/\/www.woodspars.com\/?page_id=675"},"modified":"2022-10-24T07:21:16","modified_gmt":"2022-10-24T05:21:16","slug":"devenir-revendeur-woodspars","status":"publish","type":"page","link":"https:\/\/www.woodspars.com\/en\/devenir-revendeur-woodspars\/","title":{"rendered":"Become a WoodSpars\u2122 reseller"},"content":{"rendered":"\t\t<div data-elementor-type=\"wp-page\" data-elementor-id=\"675\" class=\"elementor elementor-675\" data-elementor-post-type=\"page\">\n\t\t\t\t\t\t<section class=\"elementor-section elementor-top-section elementor-element elementor-element-e2f164b elementor-section-boxed elementor-section-height-default elementor-section-height-default\" data-id=\"e2f164b\" data-element_type=\"section\" data-e-type=\"section\">\n\t\t\t\t\t\t<div class=\"elementor-container elementor-column-gap-default\">\n\t\t\t\t\t<div class=\"elementor-column elementor-col-50 elementor-top-column elementor-element elementor-element-0d17250\" data-id=\"0d17250\" data-element_type=\"column\" data-e-type=\"column\">\n\t\t\t<div class=\"elementor-widget-wrap elementor-element-populated\">\n\t\t\t\t\t\t<div class=\"elementor-element elementor-element-52dfc7d elementor-widget elementor-widget-text-editor\" data-id=\"52dfc7d\" data-element_type=\"widget\" data-e-type=\"widget\" data-widget_type=\"text-editor.default\">\n\t\t\t\t<div class=\"elementor-widget-container\">\n\t\t\t\t\t\t\t\t\t<p>Dans le cadre de son d\u00e9veloppement, WoodSpars\u2122 propose aux professionnels du nautisme de devenir revendeur ou agent WoodSpars\u2122.<\/p><p>Avec notre outillage unique en France &#8211; un tour \u00e0 bois\u00a0 capable de tourner des pi\u00e8ces jusqu&rsquo;\u00e0 30m de long &#8211; nous sommes en mesure de r\u00e9pondre \u00e0 toute demande de fabrication d&rsquo;espars sur mesure, que ce soit en bois massif ou en lamell\u00e9 coll\u00e9.<\/p><p>Le gain de temps obtenu en\u00a0 production nous permet de proposer des d\u00e9lais plus courts qu&rsquo;en traditionnel et des prix comp\u00e9titifs.<\/p><p>Vous \u00eates un chantier naval, une voilerie, un shipchandler, un sp\u00e9cialiste du gr\u00e9ement, un ind\u00e9pendant\u2026 Contactez nous pour \u00e9voquer ensemble les possibilit\u00e9s de collaboration pour commercialiser les produits WoodSpars\u2122 aupr\u00e8s de vos r\u00e9seaux.<\/p>\t\t\t\t\t\t\t\t<\/div>\n\t\t\t\t<\/div>\n\t\t\t\t\t<\/div>\n\t\t<\/div>\n\t\t\t\t<div class=\"elementor-column elementor-col-50 elementor-top-column elementor-element elementor-element-d7e494c\" data-id=\"d7e494c\" data-element_type=\"column\" data-e-type=\"column\">\n\t\t\t<div class=\"elementor-widget-wrap elementor-element-populated\">\n\t\t\t\t\t\t<div class=\"elementor-element elementor-element-9c77bd9 elementor-button-align-stretch elementor-widget elementor-widget-form\" data-id=\"9c77bd9\" data-element_type=\"widget\" data-e-type=\"widget\" data-settings=\"{&quot;step_next_label&quot;:&quot;Next&quot;,&quot;step_previous_label&quot;:&quot;Previous&quot;,&quot;button_width&quot;:&quot;100&quot;,&quot;step_type&quot;:&quot;number_text&quot;,&quot;step_icon_shape&quot;:&quot;circle&quot;}\" data-widget_type=\"form.default\">\n\t\t\t\t<div class=\"elementor-widget-container\">\n\t\t\t\t\t\t\t<form class=\"elementor-form\" method=\"post\" name=\"New Form\" aria-label=\"New Form\">\n\t\t\t<input type=\"hidden\" name=\"post_id\" value=\"675\"\/>\n\t\t\t<input type=\"hidden\" name=\"form_id\" value=\"9c77bd9\"\/>\n\t\t\t<input type=\"hidden\" name=\"referer_title\" value=\"Devenir revendeur de m\u00e2t bois, b\u00f4me, bout dehors et espars WoodSpars\" \/>\n\n\t\t\t\t\t\t\t<input type=\"hidden\" name=\"queried_id\" value=\"675\"\/>\n\t\t\t\n\t\t\t<div class=\"elementor-form-fields-wrapper elementor-labels-above\">\n\t\t\t\t\t\t\t\t<div class=\"elementor-field-type-text elementor-field-group elementor-column elementor-field-group-name elementor-col-100\">\n\t\t\t\t\t\t\t\t\t\t\t\t<label for=\"form-field-name\" class=\"elementor-field-label\">\n\t\t\t\t\t\t\t\tSoci\u00e9t\u00e9\t\t\t\t\t\t\t<\/label>\n\t\t\t\t\t\t\t\t\t\t\t\t\t\t<input size=\"1\" type=\"text\" name=\"form_fields[name]\" id=\"form-field-name\" class=\"elementor-field elementor-size-sm  elementor-field-textual\" placeholder=\"Soci\u00e9t\u00e9\">\n\t\t\t\t\t\t\t\t\t\t\t<\/div>\n\t\t\t\t\t\t\t\t<div class=\"elementor-field-type-text elementor-field-group elementor-column elementor-field-group-field_cb3e52f elementor-col-100\">\n\t\t\t\t\t\t\t\t\t\t\t\t<label for=\"form-field-field_cb3e52f\" class=\"elementor-field-label\">\n\t\t\t\t\t\t\t\tNom\t\t\t\t\t\t\t<\/label>\n\t\t\t\t\t\t\t\t\t\t\t\t\t\t<input size=\"1\" type=\"text\" name=\"form_fields[field_cb3e52f]\" id=\"form-field-field_cb3e52f\" class=\"elementor-field elementor-size-sm  elementor-field-textual\" placeholder=\"Nom\">\n\t\t\t\t\t\t\t\t\t\t\t<\/div>\n\t\t\t\t\t\t\t\t<div class=\"elementor-field-type-text elementor-field-group elementor-column elementor-field-group-field_f3694c4 elementor-col-100\">\n\t\t\t\t\t\t\t\t\t\t\t\t<label for=\"form-field-field_f3694c4\" class=\"elementor-field-label\">\n\t\t\t\t\t\t\t\tPr\u00e9nom\t\t\t\t\t\t\t<\/label>\n\t\t\t\t\t\t\t\t\t\t\t\t\t\t<input size=\"1\" type=\"text\" name=\"form_fields[field_f3694c4]\" id=\"form-field-field_f3694c4\" class=\"elementor-field elementor-size-sm  elementor-field-textual\" placeholder=\"Pr\u00e9nom\">\n\t\t\t\t\t\t\t\t\t\t\t<\/div>\n\t\t\t\t\t\t\t\t<div class=\"elementor-field-type-email elementor-field-group elementor-column elementor-field-group-email elementor-col-100 elementor-field-required\">\n\t\t\t\t\t\t\t\t\t\t\t\t<label for=\"form-field-email\" class=\"elementor-field-label\">\n\t\t\t\t\t\t\t\tEmail\t\t\t\t\t\t\t<\/label>\n\t\t\t\t\t\t\t\t\t\t\t\t\t\t<input size=\"1\" type=\"email\" name=\"form_fields[email]\" id=\"form-field-email\" class=\"elementor-field elementor-size-sm  elementor-field-textual\" placeholder=\"Email\" required=\"required\">\n\t\t\t\t\t\t\t\t\t\t\t<\/div>\n\t\t\t\t\t\t\t\t<div class=\"elementor-field-type-tel elementor-field-group elementor-column elementor-field-group-field_636ae61 elementor-col-100 elementor-field-required\">\n\t\t\t\t\t\t\t\t\t\t\t\t<label for=\"form-field-field_636ae61\" class=\"elementor-field-label\">\n\t\t\t\t\t\t\t\tT\u00e9l\u00e9phone\t\t\t\t\t\t\t<\/label>\n\t\t\t\t\t\t\t\t<input size=\"1\" type=\"tel\" name=\"form_fields[field_636ae61]\" id=\"form-field-field_636ae61\" class=\"elementor-field elementor-size-sm  elementor-field-textual\" placeholder=\"T\u00e9l\u00e9phone\" required=\"required\" pattern=\"[0-9()#&amp;+*-=.]+\" title=\"Only numbers and phone characters (#, -, *, etc) are accepted.\">\n\n\t\t\t\t\t\t<\/div>\n\t\t\t\t\t\t\t\t<div class=\"elementor-field-type-textarea elementor-field-group elementor-column elementor-field-group-message elementor-col-100\">\n\t\t\t\t\t\t\t\t\t\t\t\t<label for=\"form-field-message\" class=\"elementor-field-label\">\n\t\t\t\t\t\t\t\tMessage\t\t\t\t\t\t\t<\/label>\n\t\t\t\t\t\t<textarea class=\"elementor-field-textual elementor-field  elementor-size-sm\" name=\"form_fields[message]\" id=\"form-field-message\" rows=\"12\" placeholder=\"Message\"><\/textarea>\t\t\t\t<\/div>\n\t\t\t\t\t\t\t\t<div class=\"elementor-field-group elementor-column elementor-field-type-submit elementor-col-100 e-form__buttons\">\n\t\t\t\t\t<button class=\"elementor-button elementor-size-sm\" type=\"submit\">\n\t\t\t\t\t\t<span class=\"elementor-button-content-wrapper\">\n\t\t\t\t\t\t\t\t\t\t\t\t\t\t\t\t\t\t\t\t\t\t<span class=\"elementor-button-text\">Send<\/span>\n\t\t\t\t\t\t\t\t\t\t\t\t\t<\/span>\n\t\t\t\t\t<\/button>\n\t\t\t\t<\/div>\n\t\t\t<\/div>\n\t\t<\/form>\n\t\t\t\t\t\t<\/div>\n\t\t\t\t<\/div>\n\t\t\t\t\t<\/div>\n\t\t<\/div>\n\t\t\t\t\t<\/div>\n\t\t<\/section>\n\t\t\t\t<\/div>\n\t\t","protected":false},"excerpt":{"rendered":"<p>Dans le cadre de son d\u00e9veloppement, WoodSpars\u2122 propose aux professionnels du nautisme de devenir revendeur ou agent WoodSpars\u2122. Avec notre outillage unique en France &#8211; un tour \u00e0 bois\u00a0 capable de tourner des pi\u00e8ces jusqu&rsquo;\u00e0 30m de long &#8211; nous sommes en mesure de r\u00e9pondre \u00e0 toute demande de fabrication d&rsquo;espars sur mesure, que ce [&hellip;]<\/p>\n","protected":false},"author":2,"featured_media":0,"parent":0,"menu_order":0,"comment_status":"closed","ping_status":"closed","template":"","meta":{"footnotes":""},"class_list":["post-675","page","type-page","status-publish","hentry"],"yoast_head":"<!-- This site is optimized with the Yoast SEO plugin v27.4 - https:\/\/yoast.com\/product\/yoast-seo-wordpress\/ -->\n<title>Devenir revendeur de m\u00e2t bois, b\u00f4me, bout dehors et espars WoodSpars<\/title>\n<meta name=\"description\" content=\"Dans le cadre de son d\u00e9veloppement, WoodSpars\u2122 propose aux professionnels du nautisme de devenir revendeur ou agent WoodSpars\u2122.\" \/>\n<meta name=\"robots\" content=\"index, follow, max-snippet:-1, max-image-preview:large, max-video-preview:-1\" \/>\n<link rel=\"canonical\" href=\"https:\/\/www.woodspars.com\/en\/devenir-revendeur-woodspars\/\" \/>\n<meta property=\"og:locale\" content=\"en_US\" \/>\n<meta property=\"og:type\" content=\"article\" \/>\n<meta property=\"og:title\" content=\"Devenir revendeur de m\u00e2t bois, b\u00f4me, bout dehors et espars WoodSpars\" \/>\n<meta property=\"og:description\" content=\"Dans le cadre de son d\u00e9veloppement, WoodSpars\u2122 propose aux professionnels du nautisme de devenir revendeur ou agent WoodSpars\u2122.\" \/>\n<meta property=\"og:url\" content=\"https:\/\/www.woodspars.com\/en\/devenir-revendeur-woodspars\/\" \/>\n<meta property=\"og:site_name\" content=\"Woodspars\" \/>\n<meta property=\"article:publisher\" content=\"https:\/\/www.facebook.com\/CharpentierMarineMorbihan\" \/>\n<meta property=\"article:modified_time\" content=\"2022-10-24T05:21:16+00:00\" \/>\n<meta name=\"twitter:card\" content=\"summary_large_image\" \/>\n<meta name=\"twitter:label1\" content=\"Est. reading time\" \/>\n\t<meta name=\"twitter:data1\" content=\"1 minute\" \/>\n<script type=\"application\/ld+json\" class=\"yoast-schema-graph\">{\"@context\":\"https:\\\/\\\/schema.org\",\"@graph\":[{\"@type\":\"WebPage\",\"@id\":\"https:\\\/\\\/www.woodspars.com\\\/devenir-revendeur-woodspars\\\/\",\"url\":\"https:\\\/\\\/www.woodspars.com\\\/devenir-revendeur-woodspars\\\/\",\"name\":\"Devenir revendeur de m\u00e2t bois, b\u00f4me, bout dehors et espars WoodSpars\",\"isPartOf\":{\"@id\":\"https:\\\/\\\/www.woodspars.com\\\/#website\"},\"datePublished\":\"2022-03-04T17:34:51+00:00\",\"dateModified\":\"2022-10-24T05:21:16+00:00\",\"description\":\"Dans le cadre de son d\u00e9veloppement, WoodSpars\u2122 propose aux professionnels du nautisme de devenir revendeur ou agent WoodSpars\u2122.\",\"breadcrumb\":{\"@id\":\"https:\\\/\\\/www.woodspars.com\\\/devenir-revendeur-woodspars\\\/#breadcrumb\"},\"inLanguage\":\"en-US\",\"potentialAction\":[{\"@type\":\"ReadAction\",\"target\":[\"https:\\\/\\\/www.woodspars.com\\\/devenir-revendeur-woodspars\\\/\"]}]},{\"@type\":\"BreadcrumbList\",\"@id\":\"https:\\\/\\\/www.woodspars.com\\\/devenir-revendeur-woodspars\\\/#breadcrumb\",\"itemListElement\":[{\"@type\":\"ListItem\",\"position\":1,\"name\":\"Accueil\",\"item\":\"https:\\\/\\\/www.woodspars.com\\\/\"},{\"@type\":\"ListItem\",\"position\":2,\"name\":\"Devenir revendeur WoodSpars\u2122\"}]},{\"@type\":\"WebSite\",\"@id\":\"https:\\\/\\\/www.woodspars.com\\\/#website\",\"url\":\"https:\\\/\\\/www.woodspars.com\\\/\",\"name\":\"Woodspars\",\"description\":\"Le partenaire id\u00e9al pour tous vos projets en bois rond.\",\"publisher\":{\"@id\":\"https:\\\/\\\/www.woodspars.com\\\/#organization\"},\"potentialAction\":[{\"@type\":\"SearchAction\",\"target\":{\"@type\":\"EntryPoint\",\"urlTemplate\":\"https:\\\/\\\/www.woodspars.com\\\/?s={search_term_string}\"},\"query-input\":{\"@type\":\"PropertyValueSpecification\",\"valueRequired\":true,\"valueName\":\"search_term_string\"}}],\"inLanguage\":\"en-US\"},{\"@type\":\"Organization\",\"@id\":\"https:\\\/\\\/www.woodspars.com\\\/#organization\",\"name\":\"WOODSPARS\",\"url\":\"https:\\\/\\\/www.woodspars.com\\\/\",\"logo\":{\"@type\":\"ImageObject\",\"inLanguage\":\"en-US\",\"@id\":\"https:\\\/\\\/www.woodspars.com\\\/#\\\/schema\\\/logo\\\/image\\\/\",\"url\":\"https:\\\/\\\/www.woodspars.com\\\/wp-content\\\/uploads\\\/2025\\\/09\\\/cropped-Logo_WS-3.png\",\"contentUrl\":\"https:\\\/\\\/www.woodspars.com\\\/wp-content\\\/uploads\\\/2025\\\/09\\\/cropped-Logo_WS-3.png\",\"width\":512,\"height\":512,\"caption\":\"WOODSPARS\"},\"image\":{\"@id\":\"https:\\\/\\\/www.woodspars.com\\\/#\\\/schema\\\/logo\\\/image\\\/\"},\"sameAs\":[\"https:\\\/\\\/www.facebook.com\\\/CharpentierMarineMorbihan\",\"https:\\\/\\\/www.instagram.com\\\/woodspars\\\/\",\"https:\\\/\\\/www.youtube.com\\\/@woodspars_greements_bois\"]}]}<\/script>\n<!-- \/ Yoast SEO plugin. -->","yoast_head_json":{"title":"Devenir revendeur de m\u00e2t bois, b\u00f4me, bout dehors et espars WoodSpars","description":"Dans le cadre de son d\u00e9veloppement, WoodSpars\u2122 propose aux professionnels du nautisme de devenir revendeur ou agent WoodSpars\u2122.","robots":{"index":"index","follow":"follow","max-snippet":"max-snippet:-1","max-image-preview":"max-image-preview:large","max-video-preview":"max-video-preview:-1"},"canonical":"https:\/\/www.woodspars.com\/en\/devenir-revendeur-woodspars\/","og_locale":"en_US","og_type":"article","og_title":"Devenir revendeur de m\u00e2t bois, b\u00f4me, bout dehors et espars WoodSpars","og_description":"Dans le cadre de son d\u00e9veloppement, WoodSpars\u2122 propose aux professionnels du nautisme de devenir revendeur ou agent WoodSpars\u2122.","og_url":"https:\/\/www.woodspars.com\/en\/devenir-revendeur-woodspars\/","og_site_name":"Woodspars","article_publisher":"https:\/\/www.facebook.com\/CharpentierMarineMorbihan","article_modified_time":"2022-10-24T05:21:16+00:00","twitter_card":"summary_large_image","twitter_misc":{"Est. reading time":"1 minute"},"schema":{"@context":"https:\/\/schema.org","@graph":[{"@type":"WebPage","@id":"https:\/\/www.woodspars.com\/devenir-revendeur-woodspars\/","url":"https:\/\/www.woodspars.com\/devenir-revendeur-woodspars\/","name":"Devenir revendeur de m\u00e2t bois, b\u00f4me, bout dehors et espars WoodSpars","isPartOf":{"@id":"https:\/\/www.woodspars.com\/#website"},"datePublished":"2022-03-04T17:34:51+00:00","dateModified":"2022-10-24T05:21:16+00:00","description":"Dans le cadre de son d\u00e9veloppement, WoodSpars\u2122 propose aux professionnels du nautisme de devenir revendeur ou agent WoodSpars\u2122.","breadcrumb":{"@id":"https:\/\/www.woodspars.com\/devenir-revendeur-woodspars\/#breadcrumb"},"inLanguage":"en-US","potentialAction":[{"@type":"ReadAction","target":["https:\/\/www.woodspars.com\/devenir-revendeur-woodspars\/"]}]},{"@type":"BreadcrumbList","@id":"https:\/\/www.woodspars.com\/devenir-revendeur-woodspars\/#breadcrumb","itemListElement":[{"@type":"ListItem","position":1,"name":"Accueil","item":"https:\/\/www.woodspars.com\/"},{"@type":"ListItem","position":2,"name":"Devenir revendeur WoodSpars\u2122"}]},{"@type":"WebSite","@id":"https:\/\/www.woodspars.com\/#website","url":"https:\/\/www.woodspars.com\/","name":"Wood spars","description":"Le partenaire id\u00e9al pour tous vos projets en bois rond.","publisher":{"@id":"https:\/\/www.woodspars.com\/#organization"},"potentialAction":[{"@type":"SearchAction","target":{"@type":"EntryPoint","urlTemplate":"https:\/\/www.woodspars.com\/?s={search_term_string}"},"query-input":{"@type":"PropertyValueSpecification","valueRequired":true,"valueName":"search_term_string"}}],"inLanguage":"en-US"},{"@type":"Organization","@id":"https:\/\/www.woodspars.com\/#organization","name":"WOODSPARS","url":"https:\/\/www.woodspars.com\/","logo":{"@type":"ImageObject","inLanguage":"en-US","@id":"https:\/\/www.woodspars.com\/#\/schema\/logo\/image\/","url":"https:\/\/www.woodspars.com\/wp-content\/uploads\/2025\/09\/cropped-Logo_WS-3.png","contentUrl":"https:\/\/www.woodspars.com\/wp-content\/uploads\/2025\/09\/cropped-Logo_WS-3.png","width":512,"height":512,"caption":"WOODSPARS"},"image":{"@id":"https:\/\/www.woodspars.com\/#\/schema\/logo\/image\/"},"sameAs":["https:\/\/www.facebook.com\/CharpentierMarineMorbihan","https:\/\/www.instagram.com\/woodspars\/","https:\/\/www.youtube.com\/@woodspars_greements_bois"]}]}},"_links":{"self":[{"href":"https:\/\/www.woodspars.com\/en\/wp-json\/wp\/v2\/pages\/675","targetHints":{"allow":["GET"]}}],"collection":[{"href":"https:\/\/www.woodspars.com\/en\/wp-json\/wp\/v2\/pages"}],"about":[{"href":"https:\/\/www.woodspars.com\/en\/wp-json\/wp\/v2\/types\/page"}],"author":[{"embeddable":true,"href":"https:\/\/www.woodspars.com\/en\/wp-json\/wp\/v2\/users\/2"}],"replies":[{"embeddable":true,"href":"https:\/\/www.woodspars.com\/en\/wp-json\/wp\/v2\/comments?post=675"}],"version-history":[{"count":60,"href":"https:\/\/www.woodspars.com\/en\/wp-json\/wp\/v2\/pages\/675\/revisions"}],"predecessor-version":[{"id":840,"href":"https:\/\/www.woodspars.com\/en\/wp-json\/wp\/v2\/pages\/675\/revisions\/840"}],"wp:attachment":[{"href":"https:\/\/www.woodspars.com\/en\/wp-json\/wp\/v2\/media?parent=675"}],"curies":[{"name":"wp","href":"https:\/\/api.w.org\/{rel}","templated":true}]}}