{"id":3304,"date":"2026-02-27T14:26:22","date_gmt":"2026-02-27T13:26:22","guid":{"rendered":"https:\/\/www.woodspars.com\/warenkorb\/"},"modified":"2026-04-08T17:58:54","modified_gmt":"2026-04-08T15:58:54","slug":"warenkorb","status":"publish","type":"page","link":"https:\/\/www.woodspars.com\/en\/warenkorb\/","title":{"rendered":"Warenkorb"},"content":{"rendered":"<div data-block-name=\"woocommerce\/cart\" class=\"wp-block-woocommerce-cart alignwide is-loading\">\n<div data-block-name=\"woocommerce\/filled-cart-block\" class=\"wp-block-woocommerce-filled-cart-block\">\n<div data-block-name=\"woocommerce\/cart-items-block\" class=\"wp-block-woocommerce-cart-items-block\">\n<div data-block-name=\"woocommerce\/cart-line-items-block\" class=\"wp-block-woocommerce-cart-line-items-block\"><\/div>\n\n\n<\/div>\n\n\n\n\n<div data-block-name=\"woocommerce\/cart-totals-block\" class=\"wp-block-woocommerce-cart-totals-block\">\n<div data-block-name=\"woocommerce\/cart-order-summary-block\" class=\"wp-block-woocommerce-cart-order-summary-block\">\n<div data-block-name=\"woocommerce\/cart-order-summary-heading-block\" class=\"wp-block-woocommerce-cart-order-summary-heading-block\"><\/div><div data-block-name=\"woocommerce\/cart-order-summary-coupon-form-block\" class=\"wp-block-woocommerce-cart-order-summary-coupon-form-block\"><\/div><div data-block-name=\"woocommerce\/cart-order-summary-totals-block\" class=\"wp-block-woocommerce-cart-order-summary-totals-block\">\n<div data-block-name=\"woocommerce\/cart-order-summary-subtotal-block\" class=\"wp-block-woocommerce-cart-order-summary-subtotal-block\"><\/div>\n<div data-block-name=\"woocommerce\/cart-order-summary-discount-block\" class=\"wp-block-woocommerce-cart-order-summary-discount-block\"><\/div>\n<div data-block-name=\"woocommerce\/cart-order-summary-fee-block\" class=\"wp-block-woocommerce-cart-order-summary-fee-block\"><\/div>\n<div data-block-name=\"woocommerce\/cart-order-summary-shipping-block\" class=\"wp-block-woocommerce-cart-order-summary-shipping-block\"><\/div>\n<div data-block-name=\"woocommerce\/cart-order-summary-taxes-block\" class=\"wp-block-woocommerce-cart-order-summary-taxes-block\"><\/div><\/div>\n<\/div>\n\n\n\n<div data-block-name=\"woocommerce\/cart-express-payment-block\" class=\"wp-block-woocommerce-cart-express-payment-block\"><\/div>\n\n\n\n<div data-block-name=\"woocommerce\/proceed-to-checkout-block\" class=\"wp-block-woocommerce-proceed-to-checkout-block\"><\/div>\n\n\n\n<div data-block-name=\"woocommerce\/cart-accepted-payment-methods-block\" class=\"wp-block-woocommerce-cart-accepted-payment-methods-block\"><\/div>\n<\/div>\n<\/div>\n\n\n\n<div data-block-name=\"woocommerce\/empty-cart-block\" class=\"wp-block-woocommerce-empty-cart-block\">\n<h2 class=\"wp-block-heading has-text-align-center with-empty-cart-icon wc-block-cart__empty-cart__title\">Dein Warenkorb ist gerade leer!<\/h2>\n\n\n\n<hr class=\"wp-block-separator has-alpha-channel-opacity is-style-dots\"\/>\n\n\n\n<h2 class=\"wp-block-heading has-text-align-center\">Neu im Shop<\/h2>\n\n\n<div data-block-name=\"woocommerce\/product-new\" data-columns=\"4\" data-rows=\"1\" class=\"wc-block-grid wp-block-product-new wp-block-woocommerce-product-new wc-block-product-new has-4-columns\"><ul class=\"wc-block-grid__products\"><li class=\"wc-block-grid__product\">\n\t\t\t\t<a href=\"https:\/\/www.woodspars.com\/en\/product\/mains-courantes-rondes-bois-exotique\/\" class=\"wc-block-grid__product-link\">\n\t\t\t\t\t\n\t\t\t\t\t<div class=\"wc-block-grid__product-image\"><img fetchpriority=\"high\" decoding=\"async\" width=\"300\" height=\"300\" src=\"https:\/\/www.woodspars.com\/wp-content\/uploads\/2025\/09\/main-courante-luxe-bois-exotique-laiton-woodspars-300x300.webp\" class=\"attachment-woocommerce_thumbnail size-woocommerce_thumbnail\" alt=\"Main courante de luxe en bois exotique verni avec supports en laiton, install\u00e9e dans un escalier au design sophistiqu\u00e9.\" srcset=\"https:\/\/www.woodspars.com\/wp-content\/uploads\/2025\/09\/main-courante-luxe-bois-exotique-laiton-woodspars-300x300.webp 300w, https:\/\/www.woodspars.com\/wp-content\/uploads\/2025\/09\/main-courante-luxe-bois-exotique-laiton-woodspars-150x150.png 150w\" sizes=\"(max-width: 300px) 100vw, 300px\" \/><\/div>\n\t\t\t\t\t<div class=\"wc-block-grid__product-title\">Mains Courantes Rondes en Bois Exotique<\/div>\n\t\t\t\t<\/a>\n\t\t\t\t<div class=\"wc-block-grid__product-price price\"><\/div>\n\t\t\t\t\n\t\t\t\t<div class=\"wp-block-button wc-block-grid__product-add-to-cart\"><a href=\"https:\/\/www.woodspars.com\/en\/product\/mains-courantes-rondes-bois-exotique\/\" aria-label=\"Read more about \u201cMains Courantes Rondes en Bois Exotique\u201d\" data-quantity=\"1\" data-product_id=\"3289\" data-product_sku=\"\" data-price=\"0\" rel=\"nofollow\" class=\"wp-block-button__link  add_to_cart_button\" data-no-translation=\"\" data-trp-gettext=\"\" data-no-translation-aria-label=\"\">Read more<\/a><\/div>\n\t\t\t<\/li><li class=\"wc-block-grid__product\">\n\t\t\t\t<a href=\"https:\/\/www.woodspars.com\/en\/product\/mains-courantes-rondes-hetre-massif\/\" class=\"wc-block-grid__product-link\">\n\t\t\t\t\t\n\t\t\t\t\t<div class=\"wc-block-grid__product-image\"><img decoding=\"async\" width=\"300\" height=\"300\" src=\"https:\/\/www.woodspars.com\/wp-content\/uploads\/2025\/09\/main-courante-bois-moderne-herte-woodspars-300x300.webp\" class=\"attachment-woocommerce_thumbnail size-woocommerce_thumbnail\" alt=\"Main courante ronde en h\u00eatre clair sur mesure, pos\u00e9e avec des supports en inox dans un escalier moderne et lumineux.\" srcset=\"https:\/\/www.woodspars.com\/wp-content\/uploads\/2025\/09\/main-courante-bois-moderne-herte-woodspars-300x300.webp 300w, https:\/\/www.woodspars.com\/wp-content\/uploads\/2025\/09\/main-courante-bois-moderne-herte-woodspars-150x150.png 150w\" sizes=\"(max-width: 300px) 100vw, 300px\" \/><\/div>\n\t\t\t\t\t<div class=\"wc-block-grid__product-title\">Mains Courantes Rondes en H\u00eatre Massif<\/div>\n\t\t\t\t<\/a>\n\t\t\t\t<div class=\"wc-block-grid__product-price price\"><\/div>\n\t\t\t\t\n\t\t\t\t<div class=\"wp-block-button wc-block-grid__product-add-to-cart\"><a href=\"https:\/\/www.woodspars.com\/en\/product\/mains-courantes-rondes-hetre-massif\/\" aria-label=\"Read more about \u201cMains Courantes Rondes en H\u00eatre Massif\u201d\" data-quantity=\"1\" data-product_id=\"3158\" data-product_sku=\"\" data-price=\"0\" rel=\"nofollow\" class=\"wp-block-button__link  add_to_cart_button\" data-no-translation=\"\" data-trp-gettext=\"\" data-no-translation-aria-label=\"\">Read more<\/a><\/div>\n\t\t\t<\/li><li class=\"wc-block-grid__product\">\n\t\t\t\t<a href=\"https:\/\/www.woodspars.com\/en\/product\/mains-courantes-rondes-chene-massif\/\" class=\"wc-block-grid__product-link\">\n\t\t\t\t\t\n\t\t\t\t\t<div class=\"wc-block-grid__product-image\"><img decoding=\"async\" width=\"300\" height=\"300\" src=\"https:\/\/www.woodspars.com\/wp-content\/uploads\/2025\/09\/main-courante-chene-escalier-woodspars-300x300.webp\" class=\"attachment-woocommerce_thumbnail size-woocommerce_thumbnail\" alt=\"Main courante ronde en ch\u00eane massif install\u00e9e le long d&#039;un escalier en bois dans un int\u00e9rieur r\u00e9sidentiel lumineux.\" srcset=\"https:\/\/www.woodspars.com\/wp-content\/uploads\/2025\/09\/main-courante-chene-escalier-woodspars-300x300.webp 300w, https:\/\/www.woodspars.com\/wp-content\/uploads\/2025\/09\/main-courante-chene-escalier-woodspars-150x150.png 150w\" sizes=\"(max-width: 300px) 100vw, 300px\" \/><\/div>\n\t\t\t\t\t<div class=\"wc-block-grid__product-title\">Mains Courantes Rondes en Ch\u00eane Massif<\/div>\n\t\t\t\t<\/a>\n\t\t\t\t<div class=\"wc-block-grid__product-price price\"><\/div>\n\t\t\t\t\n\t\t\t\t<div class=\"wp-block-button wc-block-grid__product-add-to-cart\"><a href=\"https:\/\/www.woodspars.com\/en\/product\/mains-courantes-rondes-chene-massif\/\" aria-label=\"Read more about \u201cMains Courantes Rondes en Ch\u00eane Massif\u201d\" data-quantity=\"1\" data-product_id=\"3145\" data-product_sku=\"\" data-price=\"0\" rel=\"nofollow\" class=\"wp-block-button__link  add_to_cart_button\" data-no-translation=\"\" data-trp-gettext=\"\" data-no-translation-aria-label=\"\">Read more<\/a><\/div>\n\t\t\t<\/li><li class=\"wc-block-grid__product\">\n\t\t\t\t<a href=\"https:\/\/www.woodspars.com\/en\/product\/mains-courantes-rondes-frene-massif\/\" class=\"wc-block-grid__product-link\">\n\t\t\t\t\t\n\t\t\t\t\t<div class=\"wc-block-grid__product-image\"><img loading=\"lazy\" decoding=\"async\" width=\"300\" height=\"300\" src=\"https:\/\/www.woodspars.com\/wp-content\/uploads\/2025\/09\/main-courante-frene-design-naturel-woodspars-300x300.webp\" class=\"attachment-woocommerce_thumbnail size-woocommerce_thumbnail\" alt=\"Gros plan sur une main courante en fr\u00eane au veinage apparent, fix\u00e9e avec des supports ronds noirs pour un style design et naturel.\" srcset=\"https:\/\/www.woodspars.com\/wp-content\/uploads\/2025\/09\/main-courante-frene-design-naturel-woodspars-300x300.webp 300w, https:\/\/www.woodspars.com\/wp-content\/uploads\/2025\/09\/main-courante-frene-design-naturel-woodspars-150x150.png 150w\" sizes=\"(max-width: 300px) 100vw, 300px\" \/><\/div>\n\t\t\t\t\t<div class=\"wc-block-grid__product-title\">Mains Courantes Rondes en Fr\u00eane Massif<\/div>\n\t\t\t\t<\/a>\n\t\t\t\t<div class=\"wc-block-grid__product-price price\"><\/div>\n\t\t\t\t\n\t\t\t\t<div class=\"wp-block-button wc-block-grid__product-add-to-cart\"><a href=\"https:\/\/www.woodspars.com\/en\/product\/mains-courantes-rondes-frene-massif\/\" aria-label=\"Read more about \u201cMains Courantes Rondes en Fr\u00eane Massif\u201d\" data-quantity=\"1\" data-product_id=\"3132\" data-product_sku=\"\" data-price=\"0\" rel=\"nofollow\" class=\"wp-block-button__link  add_to_cart_button\" data-no-translation=\"\" data-trp-gettext=\"\" data-no-translation-aria-label=\"\">Read more<\/a><\/div>\n\t\t\t<\/li><\/ul><\/div><\/div>\n<\/div>","protected":false},"excerpt":{"rendered":"","protected":false},"author":3,"featured_media":0,"parent":0,"menu_order":0,"comment_status":"closed","ping_status":"closed","template":"","meta":{"footnotes":""},"class_list":["post-3304","page","type-page","status-publish","hentry"],"yoast_head":"<!-- This site is optimized with the Yoast SEO plugin v27.4 - https:\/\/yoast.com\/product\/yoast-seo-wordpress\/ -->\n<title>Warenkorb - Woodspars<\/title>\n<meta name=\"robots\" content=\"index, follow, max-snippet:-1, max-image-preview:large, max-video-preview:-1\" \/>\n<link rel=\"canonical\" href=\"https:\/\/www.woodspars.com\/en\/de\/warenkorb\/\" \/>\n<meta property=\"og:locale\" content=\"en_US\" \/>\n<meta property=\"og:type\" content=\"article\" \/>\n<meta property=\"og:title\" content=\"Warenkorb - Woodspars\" \/>\n<meta property=\"og:url\" content=\"https:\/\/www.woodspars.com\/en\/de\/warenkorb\/\" \/>\n<meta property=\"og:site_name\" content=\"Woodspars\" \/>\n<meta property=\"article:publisher\" content=\"https:\/\/www.facebook.com\/CharpentierMarineMorbihan\" \/>\n<meta property=\"article:modified_time\" content=\"2026-04-08T15:58:54+00:00\" \/>\n<meta name=\"twitter:card\" content=\"summary_large_image\" \/>\n<script type=\"application\/ld+json\" class=\"yoast-schema-graph\">{\"@context\":\"https:\\\/\\\/schema.org\",\"@graph\":[{\"@type\":\"WebPage\",\"@id\":\"https:\\\/\\\/www.woodspars.com\\\/de\\\/warenkorb\\\/\",\"url\":\"https:\\\/\\\/www.woodspars.com\\\/de\\\/warenkorb\\\/\",\"name\":\"Warenkorb - Woodspars\",\"isPartOf\":{\"@id\":\"https:\\\/\\\/www.woodspars.com\\\/#website\"},\"datePublished\":\"2026-02-27T13:26:22+00:00\",\"dateModified\":\"2026-04-08T15:58:54+00:00\",\"breadcrumb\":{\"@id\":\"https:\\\/\\\/www.woodspars.com\\\/de\\\/warenkorb\\\/#breadcrumb\"},\"inLanguage\":\"en-US\",\"potentialAction\":[{\"@type\":\"ReadAction\",\"target\":[\"https:\\\/\\\/www.woodspars.com\\\/de\\\/warenkorb\\\/\"]}]},{\"@type\":\"BreadcrumbList\",\"@id\":\"https:\\\/\\\/www.woodspars.com\\\/de\\\/warenkorb\\\/#breadcrumb\",\"itemListElement\":[{\"@type\":\"ListItem\",\"position\":1,\"name\":\"Accueil\",\"item\":\"https:\\\/\\\/www.woodspars.com\\\/\"},{\"@type\":\"ListItem\",\"position\":2,\"name\":\"Warenkorb\"}]},{\"@type\":\"WebSite\",\"@id\":\"https:\\\/\\\/www.woodspars.com\\\/#website\",\"url\":\"https:\\\/\\\/www.woodspars.com\\\/\",\"name\":\"Woodspars\",\"description\":\"Le partenaire id\u00e9al pour tous vos projets en bois rond.\",\"publisher\":{\"@id\":\"https:\\\/\\\/www.woodspars.com\\\/#organization\"},\"potentialAction\":[{\"@type\":\"SearchAction\",\"target\":{\"@type\":\"EntryPoint\",\"urlTemplate\":\"https:\\\/\\\/www.woodspars.com\\\/?s={search_term_string}\"},\"query-input\":{\"@type\":\"PropertyValueSpecification\",\"valueRequired\":true,\"valueName\":\"search_term_string\"}}],\"inLanguage\":\"en-US\"},{\"@type\":\"Organization\",\"@id\":\"https:\\\/\\\/www.woodspars.com\\\/#organization\",\"name\":\"WOODSPARS\",\"url\":\"https:\\\/\\\/www.woodspars.com\\\/\",\"logo\":{\"@type\":\"ImageObject\",\"inLanguage\":\"en-US\",\"@id\":\"https:\\\/\\\/www.woodspars.com\\\/#\\\/schema\\\/logo\\\/image\\\/\",\"url\":\"https:\\\/\\\/www.woodspars.com\\\/wp-content\\\/uploads\\\/2025\\\/09\\\/cropped-Logo_WS-3.png\",\"contentUrl\":\"https:\\\/\\\/www.woodspars.com\\\/wp-content\\\/uploads\\\/2025\\\/09\\\/cropped-Logo_WS-3.png\",\"width\":512,\"height\":512,\"caption\":\"WOODSPARS\"},\"image\":{\"@id\":\"https:\\\/\\\/www.woodspars.com\\\/#\\\/schema\\\/logo\\\/image\\\/\"},\"sameAs\":[\"https:\\\/\\\/www.facebook.com\\\/CharpentierMarineMorbihan\",\"https:\\\/\\\/www.instagram.com\\\/woodspars\\\/\",\"https:\\\/\\\/www.youtube.com\\\/@woodspars_greements_bois\"]}]}<\/script>\n<!-- \/ Yoast SEO plugin. -->","yoast_head_json":{"title":"Warenkorb - Woodspars","robots":{"index":"index","follow":"follow","max-snippet":"max-snippet:-1","max-image-preview":"max-image-preview:large","max-video-preview":"max-video-preview:-1"},"canonical":"https:\/\/www.woodspars.com\/en\/de\/warenkorb\/","og_locale":"en_US","og_type":"article","og_title":"Warenkorb - Woodspars","og_url":"https:\/\/www.woodspars.com\/en\/de\/warenkorb\/","og_site_name":"Woodspars","article_publisher":"https:\/\/www.facebook.com\/CharpentierMarineMorbihan","article_modified_time":"2026-04-08T15:58:54+00:00","twitter_card":"summary_large_image","schema":{"@context":"https:\/\/schema.org","@graph":[{"@type":"WebPage","@id":"https:\/\/www.woodspars.com\/de\/warenkorb\/","url":"https:\/\/www.woodspars.com\/de\/warenkorb\/","name":"Warenkorb - Woodspars","isPartOf":{"@id":"https:\/\/www.woodspars.com\/#website"},"datePublished":"2026-02-27T13:26:22+00:00","dateModified":"2026-04-08T15:58:54+00:00","breadcrumb":{"@id":"https:\/\/www.woodspars.com\/de\/warenkorb\/#breadcrumb"},"inLanguage":"en-US","potentialAction":[{"@type":"ReadAction","target":["https:\/\/www.woodspars.com\/de\/warenkorb\/"]}]},{"@type":"BreadcrumbList","@id":"https:\/\/www.woodspars.com\/de\/warenkorb\/#breadcrumb","itemListElement":[{"@type":"ListItem","position":1,"name":"Accueil","item":"https:\/\/www.woodspars.com\/"},{"@type":"ListItem","position":2,"name":"Warenkorb"}]},{"@type":"WebSite","@id":"https:\/\/www.woodspars.com\/#website","url":"https:\/\/www.woodspars.com\/","name":"Wood spars","description":"Le partenaire id\u00e9al pour tous vos projets en bois rond.","publisher":{"@id":"https:\/\/www.woodspars.com\/#organization"},"potentialAction":[{"@type":"SearchAction","target":{"@type":"EntryPoint","urlTemplate":"https:\/\/www.woodspars.com\/?s={search_term_string}"},"query-input":{"@type":"PropertyValueSpecification","valueRequired":true,"valueName":"search_term_string"}}],"inLanguage":"en-US"},{"@type":"Organization","@id":"https:\/\/www.woodspars.com\/#organization","name":"WOODSPARS","url":"https:\/\/www.woodspars.com\/","logo":{"@type":"ImageObject","inLanguage":"en-US","@id":"https:\/\/www.woodspars.com\/#\/schema\/logo\/image\/","url":"https:\/\/www.woodspars.com\/wp-content\/uploads\/2025\/09\/cropped-Logo_WS-3.png","contentUrl":"https:\/\/www.woodspars.com\/wp-content\/uploads\/2025\/09\/cropped-Logo_WS-3.png","width":512,"height":512,"caption":"WOODSPARS"},"image":{"@id":"https:\/\/www.woodspars.com\/#\/schema\/logo\/image\/"},"sameAs":["https:\/\/www.facebook.com\/CharpentierMarineMorbihan","https:\/\/www.instagram.com\/woodspars\/","https:\/\/www.youtube.com\/@woodspars_greements_bois"]}]}},"_links":{"self":[{"href":"https:\/\/www.woodspars.com\/en\/wp-json\/wp\/v2\/pages\/3304","targetHints":{"allow":["GET"]}}],"collection":[{"href":"https:\/\/www.woodspars.com\/en\/wp-json\/wp\/v2\/pages"}],"about":[{"href":"https:\/\/www.woodspars.com\/en\/wp-json\/wp\/v2\/types\/page"}],"author":[{"embeddable":true,"href":"https:\/\/www.woodspars.com\/en\/wp-json\/wp\/v2\/users\/3"}],"replies":[{"embeddable":true,"href":"https:\/\/www.woodspars.com\/en\/wp-json\/wp\/v2\/comments?post=3304"}],"version-history":[{"count":1,"href":"https:\/\/www.woodspars.com\/en\/wp-json\/wp\/v2\/pages\/3304\/revisions"}],"predecessor-version":[{"id":3308,"href":"https:\/\/www.woodspars.com\/en\/wp-json\/wp\/v2\/pages\/3304\/revisions\/3308"}],"wp:attachment":[{"href":"https:\/\/www.woodspars.com\/en\/wp-json\/wp\/v2\/media?parent=3304"}],"curies":[{"name":"wp","href":"https:\/\/api.w.org\/{rel}","templated":true}]}}