{"id":2612,"date":"2026-01-16T14:20:44","date_gmt":"2026-01-16T13:20:44","guid":{"rendered":"https:\/\/www.woodspars.com\/?page_id=2612"},"modified":"2026-02-04T13:57:25","modified_gmt":"2026-02-04T12:57:25","slug":"contact-accueil","status":"publish","type":"page","link":"https:\/\/www.woodspars.com\/en\/contact-accueil\/","title":{"rendered":"Contact Accueil"},"content":{"rendered":"\t\t<div data-elementor-type=\"wp-page\" data-elementor-id=\"2612\" class=\"elementor elementor-2612\" data-elementor-post-type=\"page\">\n\t\t\t\t\t\t<section class=\"elementor-section elementor-top-section elementor-element elementor-element-2dedfab4 elementor-section-boxed elementor-section-height-default elementor-section-height-default\" data-id=\"2dedfab4\" data-element_type=\"section\" data-e-type=\"section\" id=\"contact\" data-settings=\"{&quot;background_background&quot;:&quot;classic&quot;}\">\n\t\t\t\t\t\t<div class=\"elementor-container elementor-column-gap-default\">\n\t\t\t\t\t<div class=\"elementor-column elementor-col-100 elementor-top-column elementor-element elementor-element-5e44b50c\" data-id=\"5e44b50c\" data-element_type=\"column\" data-e-type=\"column\">\n\t\t\t<div class=\"elementor-widget-wrap elementor-element-populated\">\n\t\t\t\t\t\t<section class=\"elementor-section elementor-inner-section elementor-element elementor-element-2d72f48b elementor-section-boxed elementor-section-height-default elementor-section-height-default\" data-id=\"2d72f48b\" data-element_type=\"section\" data-e-type=\"section\" data-settings=\"{&quot;background_background&quot;:&quot;classic&quot;}\">\n\t\t\t\t\t\t<div class=\"elementor-container elementor-column-gap-default\">\n\t\t\t\t\t<div class=\"elementor-column elementor-col-100 elementor-inner-column elementor-element elementor-element-d5bf42e\" data-id=\"d5bf42e\" data-element_type=\"column\" data-e-type=\"column\">\n\t\t\t<div class=\"elementor-widget-wrap elementor-element-populated\">\n\t\t\t\t\t\t<div class=\"elementor-element elementor-element-42551646 elementor-button-align-center elementor-widget elementor-widget-form\" data-id=\"42551646\" data-element_type=\"widget\" data-e-type=\"widget\" data-settings=\"{&quot;step_next_label&quot;:&quot;Next&quot;,&quot;step_previous_label&quot;:&quot;Previous&quot;,&quot;button_width&quot;:&quot;100&quot;,&quot;step_type&quot;:&quot;number_text&quot;,&quot;step_icon_shape&quot;:&quot;circle&quot;}\" data-widget_type=\"form.default\">\n\t\t\t\t<div class=\"elementor-widget-container\">\n\t\t\t\t\t\t\t<form class=\"elementor-form\" method=\"post\" name=\"Formulaire de contact\" aria-label=\"Formulaire de contact\">\n\t\t\t<input type=\"hidden\" name=\"post_id\" value=\"2612\"\/>\n\t\t\t<input type=\"hidden\" name=\"form_id\" value=\"42551646\"\/>\n\t\t\t<input type=\"hidden\" name=\"referer_title\" value=\"Contact Accueil - Woodspars\" \/>\n\n\t\t\t\t\t\t\t<input type=\"hidden\" name=\"queried_id\" value=\"2612\"\/>\n\t\t\t\n\t\t\t<div class=\"elementor-form-fields-wrapper elementor-labels-\">\n\t\t\t\t\t\t\t\t<div class=\"elementor-field-type-text elementor-field-group elementor-column elementor-field-group-field_2c06bb0 elementor-col-50 elementor-field-required\">\n\t\t\t\t\t\t\t\t\t\t\t\t<label for=\"form-field-field_2c06bb0\" class=\"elementor-field-label elementor-screen-only\">\n\t\t\t\t\t\t\t\tNom\t\t\t\t\t\t\t<\/label>\n\t\t\t\t\t\t\t\t\t\t\t\t\t\t<input size=\"1\" type=\"text\" name=\"form_fields[field_2c06bb0]\" id=\"form-field-field_2c06bb0\" class=\"elementor-field elementor-size-md  elementor-field-textual\" placeholder=\"Nom\" required=\"required\">\n\t\t\t\t\t\t\t\t\t\t\t<\/div>\n\t\t\t\t\t\t\t\t<div class=\"elementor-field-type-text elementor-field-group elementor-column elementor-field-group-name elementor-col-50\">\n\t\t\t\t\t\t\t\t\t\t\t\t<label for=\"form-field-name\" class=\"elementor-field-label elementor-screen-only\">\n\t\t\t\t\t\t\t\tPr\u00e9nom\t\t\t\t\t\t\t<\/label>\n\t\t\t\t\t\t\t\t\t\t\t\t\t\t<input size=\"1\" type=\"text\" name=\"form_fields[name]\" id=\"form-field-name\" class=\"elementor-field elementor-size-md  elementor-field-textual\" placeholder=\"Pr\u00e9nom\">\n\t\t\t\t\t\t\t\t\t\t\t<\/div>\n\t\t\t\t\t\t\t\t<div class=\"elementor-field-type-text elementor-field-group elementor-column elementor-field-group-field_ff911b0 elementor-col-50\">\n\t\t\t\t\t\t\t\t\t\t\t\t<label for=\"form-field-field_ff911b0\" class=\"elementor-field-label elementor-screen-only\">\n\t\t\t\t\t\t\t\tSoci\u00e9t\u00e9\t\t\t\t\t\t\t<\/label>\n\t\t\t\t\t\t\t\t\t\t\t\t\t\t<input size=\"1\" type=\"text\" name=\"form_fields[field_ff911b0]\" id=\"form-field-field_ff911b0\" class=\"elementor-field elementor-size-md  elementor-field-textual\" placeholder=\"Soci\u00e9t\u00e9\">\n\t\t\t\t\t\t\t\t\t\t\t<\/div>\n\t\t\t\t\t\t\t\t<div class=\"elementor-field-type-text elementor-field-group elementor-column elementor-field-group-field_4082eb8 elementor-col-50\">\n\t\t\t\t\t\t\t\t\t\t\t\t<label for=\"form-field-field_4082eb8\" class=\"elementor-field-label elementor-screen-only\">\n\t\t\t\t\t\t\t\tVille\t\t\t\t\t\t\t<\/label>\n\t\t\t\t\t\t\t\t\t\t\t\t\t\t<input size=\"1\" type=\"text\" name=\"form_fields[field_4082eb8]\" id=\"form-field-field_4082eb8\" class=\"elementor-field elementor-size-md  elementor-field-textual\" placeholder=\"ville\">\n\t\t\t\t\t\t\t\t\t\t\t<\/div>\n\t\t\t\t\t\t\t\t<div class=\"elementor-field-type-text elementor-field-group elementor-column elementor-field-group-field_e260071 elementor-col-50\">\n\t\t\t\t\t\t\t\t\t\t\t\t<label for=\"form-field-field_e260071\" class=\"elementor-field-label elementor-screen-only\">\n\t\t\t\t\t\t\t\tT\u00e9l\u00e9phone\t\t\t\t\t\t\t<\/label>\n\t\t\t\t\t\t\t\t\t\t\t\t\t\t<input size=\"1\" type=\"text\" name=\"form_fields[field_e260071]\" id=\"form-field-field_e260071\" class=\"elementor-field elementor-size-md  elementor-field-textual\" placeholder=\"T\u00e9l\u00e9phone\">\n\t\t\t\t\t\t\t\t\t\t\t<\/div>\n\t\t\t\t\t\t\t\t<div class=\"elementor-field-type-email elementor-field-group elementor-column elementor-field-group-email elementor-col-50 elementor-field-required\">\n\t\t\t\t\t\t\t\t\t\t\t\t<label for=\"form-field-email\" class=\"elementor-field-label elementor-screen-only\">\n\t\t\t\t\t\t\t\tEmail\t\t\t\t\t\t\t<\/label>\n\t\t\t\t\t\t\t\t\t\t\t\t\t\t<input size=\"1\" type=\"email\" name=\"form_fields[email]\" id=\"form-field-email\" class=\"elementor-field elementor-size-md  elementor-field-textual\" placeholder=\"Email\" required=\"required\">\n\t\t\t\t\t\t\t\t\t\t\t<\/div>\n\t\t\t\t\t\t\t\t<div class=\"elementor-field-type-textarea elementor-field-group elementor-column elementor-field-group-message elementor-col-100\">\n\t\t\t\t\t\t\t\t\t\t\t\t<label for=\"form-field-message\" class=\"elementor-field-label elementor-screen-only\">\n\t\t\t\t\t\t\t\tMessage\t\t\t\t\t\t\t<\/label>\n\t\t\t\t\t\t<textarea class=\"elementor-field-textual elementor-field  elementor-size-md\" name=\"form_fields[message]\" id=\"form-field-message\" rows=\"4\" placeholder=\"Votre demande\"><\/textarea>\t\t\t\t<\/div>\n\t\t\t\t\t\t\t\t<div class=\"elementor-field-type-recaptcha_v3 elementor-field-group elementor-column elementor-field-group-field_bcee8ec elementor-col-100 recaptcha_v3-inline\">\n\t\t\t\t\t<div class=\"elementor-field\" id=\"form-field-field_bcee8ec\"><div class=\"elementor-g-recaptcha\" data-sitekey=\"6LfyNrcZAAAAAIJ3Wpym9I4LLBKzTF58E1QkMGWf\" data-type=\"v3\" data-action=\"Form\" data-badge=\"inline\" data-size=\"invisible\"><\/div><\/div>\t\t\t\t<\/div>\n\t\t\t\t\t\t\t\t<div class=\"elementor-field-group elementor-column elementor-field-type-submit elementor-col-100 e-form__buttons\">\n\t\t\t\t\t<button class=\"elementor-button elementor-size-sm\" type=\"submit\">\n\t\t\t\t\t\t<span class=\"elementor-button-content-wrapper\">\n\t\t\t\t\t\t\t\t\t\t\t\t\t\t\t\t\t\t\t\t\t\t<span class=\"elementor-button-text\">Envoyer<\/span>\n\t\t\t\t\t\t\t\t\t\t\t\t\t<\/span>\n\t\t\t\t\t<\/button>\n\t\t\t\t<\/div>\n\t\t\t<\/div>\n\t\t<\/form>\n\t\t\t\t\t\t<\/div>\n\t\t\t\t<\/div>\n\t\t\t\t\t<\/div>\n\t\t<\/div>\n\t\t\t\t\t<\/div>\n\t\t<\/section>\n\t\t\t\t<section class=\"elementor-section elementor-inner-section elementor-element elementor-element-1b564ad5 elementor-section-boxed elementor-section-height-default elementor-section-height-default\" data-id=\"1b564ad5\" data-element_type=\"section\" data-e-type=\"section\" data-settings=\"{&quot;background_background&quot;:&quot;classic&quot;}\">\n\t\t\t\t\t\t<div class=\"elementor-container elementor-column-gap-default\">\n\t\t\t\t\t<div class=\"elementor-column elementor-col-33 elementor-inner-column elementor-element elementor-element-671ad344\" data-id=\"671ad344\" data-element_type=\"column\" data-e-type=\"column\">\n\t\t\t<div class=\"elementor-widget-wrap elementor-element-populated\">\n\t\t\t\t\t\t<div class=\"elementor-element elementor-element-5ef05d60 elementor-widget elementor-widget-text-editor\" data-id=\"5ef05d60\" data-element_type=\"widget\" data-e-type=\"widget\" data-widget_type=\"text-editor.default\">\n\t\t\t\t<div class=\"elementor-widget-container\">\n\t\t\t\t\t\t\t\t\t<h3>WOODSPARS\u00ae<\/h3><p>45, ZA de Kerran<br \/>56740 Locmariaquer<br \/>tel. 06 30 02 99 33<br \/>Mail: contact@woodspars.com<\/p>\t\t\t\t\t\t\t\t<\/div>\n\t\t\t\t<\/div>\n\t\t\t\t\t<\/div>\n\t\t<\/div>\n\t\t\t\t<div class=\"elementor-column elementor-col-66 elementor-inner-column elementor-element elementor-element-41e3f2ce\" data-id=\"41e3f2ce\" data-element_type=\"column\" data-e-type=\"column\">\n\t\t\t<div class=\"elementor-widget-wrap elementor-element-populated\">\n\t\t\t\t\t\t<div class=\"elementor-element elementor-element-2051a52e elementor-widget elementor-widget-google_maps\" data-id=\"2051a52e\" data-element_type=\"widget\" data-e-type=\"widget\" data-widget_type=\"google_maps.default\">\n\t\t\t\t<div class=\"elementor-widget-container\">\n\t\t\t\t\t\t\t<div class=\"elementor-custom-embed\">\n\t\t\t<iframe loading=\"lazy\"\n\t\t\t\t\tsrc=\"https:\/\/maps.google.com\/maps?q=WoodSpars%20Atelier%20Gr%C3%A9ement%20Bois%20za%20de%20Kerran%2056470%20locmariaquer&#038;t=m&#038;z=15&#038;output=embed&#038;iwloc=near\"\n\t\t\t\t\ttitle=\"WoodSpars Atelier Gr\u00e9ement Bois za de Kerran 56470 locmariaquer\"\n\t\t\t\t\taria-label=\"WoodSpars Atelier Gr\u00e9ement Bois za de Kerran 56470 locmariaquer\"\n\t\t\t><\/iframe>\n\t\t<\/div>\n\t\t\t\t\t\t<\/div>\n\t\t\t\t<\/div>\n\t\t\t\t\t<\/div>\n\t\t<\/div>\n\t\t\t\t\t<\/div>\n\t\t<\/section>\n\t\t\t\t\t<\/div>\n\t\t<\/div>\n\t\t\t\t\t<\/div>\n\t\t<\/section>\n\t\t\t\t<section class=\"elementor-section elementor-top-section elementor-element elementor-element-2489fd65 elementor-section-boxed elementor-section-height-default elementor-section-height-default\" data-id=\"2489fd65\" data-element_type=\"section\" data-e-type=\"section\">\n\t\t\t\t\t\t<div class=\"elementor-container elementor-column-gap-default\">\n\t\t\t\t\t<div class=\"elementor-column elementor-col-100 elementor-top-column elementor-element elementor-element-a43dcff\" data-id=\"a43dcff\" data-element_type=\"column\" data-e-type=\"column\">\n\t\t\t<div class=\"elementor-widget-wrap\">\n\t\t\t\t\t\t\t<\/div>\n\t\t<\/div>\n\t\t\t\t\t<\/div>\n\t\t<\/section>\n\t\t\t\t<section class=\"elementor-section elementor-top-section elementor-element elementor-element-5b1546b1 elementor-section-boxed elementor-section-height-default elementor-section-height-default\" data-id=\"5b1546b1\" data-element_type=\"section\" data-e-type=\"section\">\n\t\t\t\t\t\t<div class=\"elementor-container elementor-column-gap-default\">\n\t\t\t\t\t<div class=\"elementor-column elementor-col-100 elementor-top-column elementor-element elementor-element-16646cb6\" data-id=\"16646cb6\" data-element_type=\"column\" data-e-type=\"column\">\n\t\t\t<div class=\"elementor-widget-wrap elementor-element-populated\">\n\t\t\t\t\t\t<div class=\"elementor-element elementor-element-47237564 elementor-widget elementor-widget-text-editor\" data-id=\"47237564\" data-element_type=\"widget\" data-e-type=\"widget\" data-widget_type=\"text-editor.default\">\n\t\t\t\t<div class=\"elementor-widget-container\">\n\t\t\t\t\t\t\t\t\t<p>WoodSpars\u2122, fabrication de M\u00e2t Bois lamell\u00e9 coll\u00e9 pour le nautisme,<br \/>rondins divers pour b\u00e2timent, poteaux et piquets classe IV en espaces verts<\/p>\t\t\t\t\t\t\t\t<\/div>\n\t\t\t\t<\/div>\n\t\t\t\t\t<\/div>\n\t\t<\/div>\n\t\t\t\t\t<\/div>\n\t\t<\/section>\n\t\t\t\t<\/div>\n\t\t","protected":false},"excerpt":{"rendered":"<p>WOODSPARS\u00ae 45, ZA de Kerran 56740 Locmariaquer tel. 06 30 02 99 33 Mail: contact@woodspars.com WoodSpars\u2122, fabrication de M\u00e2t Bois lamell\u00e9 coll\u00e9 pour le nautisme, rondins divers pour b\u00e2timent, poteaux et piquets classe IV en espaces verts<\/p>","protected":false},"author":3,"featured_media":0,"parent":0,"menu_order":0,"comment_status":"closed","ping_status":"closed","template":"elementor_header_footer","meta":{"footnotes":""},"class_list":["post-2612","page","type-page","status-publish","hentry"],"yoast_head":"<!-- This site is optimized with the Yoast SEO plugin v27.4 - https:\/\/yoast.com\/product\/yoast-seo-wordpress\/ -->\n<title>Contact Accueil - Woodspars<\/title>\n<meta name=\"robots\" content=\"noindex, follow\" \/>\n<meta property=\"og:locale\" content=\"en_US\" \/>\n<meta property=\"og:type\" content=\"article\" \/>\n<meta property=\"og:title\" content=\"Contact Accueil - Woodspars\" \/>\n<meta property=\"og:description\" content=\"WOODSPARS\u00ae 45, ZA de Kerran 56740 Locmariaquer tel. 06 30 02 99 33 Mail: contact@woodspars.com WoodSpars\u2122, fabrication de M\u00e2t Bois lamell\u00e9 coll\u00e9 pour le nautisme, rondins divers pour b\u00e2timent, poteaux et piquets classe IV en espaces verts\" \/>\n<meta property=\"og:url\" content=\"https:\/\/www.woodspars.com\/en\/contact-accueil\/\" \/>\n<meta property=\"og:site_name\" content=\"Woodspars\" \/>\n<meta property=\"article:publisher\" content=\"https:\/\/www.facebook.com\/CharpentierMarineMorbihan\" \/>\n<meta property=\"article:modified_time\" content=\"2026-02-04T12:57:25+00:00\" \/>\n<meta name=\"twitter:card\" content=\"summary_large_image\" \/>\n<meta name=\"twitter:label1\" content=\"Est. reading time\" \/>\n\t<meta name=\"twitter:data1\" content=\"1 minute\" \/>\n<script type=\"application\/ld+json\" class=\"yoast-schema-graph\">{\"@context\":\"https:\\\/\\\/schema.org\",\"@graph\":[{\"@type\":\"WebPage\",\"@id\":\"https:\\\/\\\/www.woodspars.com\\\/contact-accueil\\\/\",\"url\":\"https:\\\/\\\/www.woodspars.com\\\/contact-accueil\\\/\",\"name\":\"Contact Accueil - Woodspars\",\"isPartOf\":{\"@id\":\"https:\\\/\\\/www.woodspars.com\\\/#website\"},\"datePublished\":\"2026-01-16T13:20:44+00:00\",\"dateModified\":\"2026-02-04T12:57:25+00:00\",\"breadcrumb\":{\"@id\":\"https:\\\/\\\/www.woodspars.com\\\/contact-accueil\\\/#breadcrumb\"},\"inLanguage\":\"en-US\",\"potentialAction\":[{\"@type\":\"ReadAction\",\"target\":[\"https:\\\/\\\/www.woodspars.com\\\/contact-accueil\\\/\"]}]},{\"@type\":\"BreadcrumbList\",\"@id\":\"https:\\\/\\\/www.woodspars.com\\\/contact-accueil\\\/#breadcrumb\",\"itemListElement\":[{\"@type\":\"ListItem\",\"position\":1,\"name\":\"Accueil\",\"item\":\"https:\\\/\\\/www.woodspars.com\\\/\"},{\"@type\":\"ListItem\",\"position\":2,\"name\":\"Contact Accueil\"}]},{\"@type\":\"WebSite\",\"@id\":\"https:\\\/\\\/www.woodspars.com\\\/#website\",\"url\":\"https:\\\/\\\/www.woodspars.com\\\/\",\"name\":\"Woodspars\",\"description\":\"Le partenaire id\u00e9al pour tous vos projets en bois rond.\",\"publisher\":{\"@id\":\"https:\\\/\\\/www.woodspars.com\\\/#organization\"},\"potentialAction\":[{\"@type\":\"SearchAction\",\"target\":{\"@type\":\"EntryPoint\",\"urlTemplate\":\"https:\\\/\\\/www.woodspars.com\\\/?s={search_term_string}\"},\"query-input\":{\"@type\":\"PropertyValueSpecification\",\"valueRequired\":true,\"valueName\":\"search_term_string\"}}],\"inLanguage\":\"en-US\"},{\"@type\":\"Organization\",\"@id\":\"https:\\\/\\\/www.woodspars.com\\\/#organization\",\"name\":\"WOODSPARS\",\"url\":\"https:\\\/\\\/www.woodspars.com\\\/\",\"logo\":{\"@type\":\"ImageObject\",\"inLanguage\":\"en-US\",\"@id\":\"https:\\\/\\\/www.woodspars.com\\\/#\\\/schema\\\/logo\\\/image\\\/\",\"url\":\"https:\\\/\\\/www.woodspars.com\\\/wp-content\\\/uploads\\\/2025\\\/09\\\/cropped-Logo_WS-3.png\",\"contentUrl\":\"https:\\\/\\\/www.woodspars.com\\\/wp-content\\\/uploads\\\/2025\\\/09\\\/cropped-Logo_WS-3.png\",\"width\":512,\"height\":512,\"caption\":\"WOODSPARS\"},\"image\":{\"@id\":\"https:\\\/\\\/www.woodspars.com\\\/#\\\/schema\\\/logo\\\/image\\\/\"},\"sameAs\":[\"https:\\\/\\\/www.facebook.com\\\/CharpentierMarineMorbihan\",\"https:\\\/\\\/www.instagram.com\\\/woodspars\\\/\",\"https:\\\/\\\/www.youtube.com\\\/@woodspars_greements_bois\"]}]}<\/script>\n<!-- \/ Yoast SEO plugin. -->","yoast_head_json":{"title":"Contact Accueil - Woodspars","robots":{"index":"noindex","follow":"follow"},"og_locale":"en_US","og_type":"article","og_title":"Contact Accueil - Woodspars","og_description":"WOODSPARS\u00ae 45, ZA de Kerran 56740 Locmariaquer tel. 06 30 02 99 33 Mail: contact@woodspars.com WoodSpars\u2122, fabrication de M\u00e2t Bois lamell\u00e9 coll\u00e9 pour le nautisme, rondins divers pour b\u00e2timent, poteaux et piquets classe IV en espaces verts","og_url":"https:\/\/www.woodspars.com\/en\/contact-accueil\/","og_site_name":"Woodspars","article_publisher":"https:\/\/www.facebook.com\/CharpentierMarineMorbihan","article_modified_time":"2026-02-04T12:57:25+00:00","twitter_card":"summary_large_image","twitter_misc":{"Est. reading time":"1 minute"},"schema":{"@context":"https:\/\/schema.org","@graph":[{"@type":"WebPage","@id":"https:\/\/www.woodspars.com\/contact-accueil\/","url":"https:\/\/www.woodspars.com\/contact-accueil\/","name":"Contact Accueil - Woodspars","isPartOf":{"@id":"https:\/\/www.woodspars.com\/#website"},"datePublished":"2026-01-16T13:20:44+00:00","dateModified":"2026-02-04T12:57:25+00:00","breadcrumb":{"@id":"https:\/\/www.woodspars.com\/contact-accueil\/#breadcrumb"},"inLanguage":"en-US","potentialAction":[{"@type":"ReadAction","target":["https:\/\/www.woodspars.com\/contact-accueil\/"]}]},{"@type":"BreadcrumbList","@id":"https:\/\/www.woodspars.com\/contact-accueil\/#breadcrumb","itemListElement":[{"@type":"ListItem","position":1,"name":"Accueil","item":"https:\/\/www.woodspars.com\/"},{"@type":"ListItem","position":2,"name":"Contact Accueil"}]},{"@type":"WebSite","@id":"https:\/\/www.woodspars.com\/#website","url":"https:\/\/www.woodspars.com\/","name":"Wood spars","description":"Le partenaire id\u00e9al pour tous vos projets en bois rond.","publisher":{"@id":"https:\/\/www.woodspars.com\/#organization"},"potentialAction":[{"@type":"SearchAction","target":{"@type":"EntryPoint","urlTemplate":"https:\/\/www.woodspars.com\/?s={search_term_string}"},"query-input":{"@type":"PropertyValueSpecification","valueRequired":true,"valueName":"search_term_string"}}],"inLanguage":"en-US"},{"@type":"Organization","@id":"https:\/\/www.woodspars.com\/#organization","name":"WOODSPARS","url":"https:\/\/www.woodspars.com\/","logo":{"@type":"ImageObject","inLanguage":"en-US","@id":"https:\/\/www.woodspars.com\/#\/schema\/logo\/image\/","url":"https:\/\/www.woodspars.com\/wp-content\/uploads\/2025\/09\/cropped-Logo_WS-3.png","contentUrl":"https:\/\/www.woodspars.com\/wp-content\/uploads\/2025\/09\/cropped-Logo_WS-3.png","width":512,"height":512,"caption":"WOODSPARS"},"image":{"@id":"https:\/\/www.woodspars.com\/#\/schema\/logo\/image\/"},"sameAs":["https:\/\/www.facebook.com\/CharpentierMarineMorbihan","https:\/\/www.instagram.com\/woodspars\/","https:\/\/www.youtube.com\/@woodspars_greements_bois"]}]}},"_links":{"self":[{"href":"https:\/\/www.woodspars.com\/en\/wp-json\/wp\/v2\/pages\/2612","targetHints":{"allow":["GET"]}}],"collection":[{"href":"https:\/\/www.woodspars.com\/en\/wp-json\/wp\/v2\/pages"}],"about":[{"href":"https:\/\/www.woodspars.com\/en\/wp-json\/wp\/v2\/types\/page"}],"author":[{"embeddable":true,"href":"https:\/\/www.woodspars.com\/en\/wp-json\/wp\/v2\/users\/3"}],"replies":[{"embeddable":true,"href":"https:\/\/www.woodspars.com\/en\/wp-json\/wp\/v2\/comments?post=2612"}],"version-history":[{"count":4,"href":"https:\/\/www.woodspars.com\/en\/wp-json\/wp\/v2\/pages\/2612\/revisions"}],"predecessor-version":[{"id":3013,"href":"https:\/\/www.woodspars.com\/en\/wp-json\/wp\/v2\/pages\/2612\/revisions\/3013"}],"wp:attachment":[{"href":"https:\/\/www.woodspars.com\/en\/wp-json\/wp\/v2\/media?parent=2612"}],"curies":[{"name":"wp","href":"https:\/\/api.w.org\/{rel}","templated":true}]}}