{"id":172,"date":"2021-05-28T15:12:23","date_gmt":"2021-05-28T13:12:23","guid":{"rendered":"https:\/\/www.woodspars.com\/?page_id=172"},"modified":"2026-02-24T16:53:44","modified_gmt":"2026-02-24T15:53:44","slug":"mentions-legales","status":"publish","type":"page","link":"https:\/\/www.woodspars.com\/en\/mentions-legales\/","title":{"rendered":"Legal notice"},"content":{"rendered":"<div data-elementor-type=\"wp-page\" data-elementor-id=\"172\" class=\"elementor elementor-172\" data-elementor-post-type=\"page\">\n\t\t\t\t\t\t<section class=\"elementor-section elementor-top-section elementor-element elementor-element-3fe18b2 elementor-section-boxed elementor-section-height-default elementor-section-height-default\" data-id=\"3fe18b2\" data-element_type=\"section\" data-e-type=\"section\">\n\t\t\t\t\t\t<div class=\"elementor-container elementor-column-gap-default\">\n\t\t\t\t\t<div class=\"elementor-column elementor-col-100 elementor-top-column elementor-element elementor-element-6096c27\" data-id=\"6096c27\" data-element_type=\"column\" data-e-type=\"column\">\n\t\t\t<div class=\"elementor-widget-wrap elementor-element-populated\">\n\t\t\t\t\t\t<div class=\"elementor-element elementor-element-904daa2 elementor-widget elementor-widget-text-editor\" data-id=\"904daa2\" data-element_type=\"widget\" data-e-type=\"widget\" data-widget_type=\"text-editor.default\">\n\t\t\t\t<div class=\"elementor-widget-container\">\n\t\t\t\t\t\t\t\t\t<h3>Marque WoodSpars\u2122<\/h3><p>D\u00e9p\u00f4t INPI sous le num\u00e9ro 4764317<br \/>\u00a9 Copyright 2021 &#8211; Tous droits r\u00e9serv\u00e9s<br \/>Propri\u00e9taire du site : <a href=\"https:\/\/www.charpentiermarinemorbihan.fr\/\" target=\"_blank\" rel=\"noopener\">Marine Carpenter Morbihan<\/a><br \/>Design \/ R\u00e9daction \/ Int\u00e9gration : <a href=\"https:\/\/www.conceptimage.tv\/\" target=\"_blank\" rel=\"noopener\">Concept Image Communication<\/a><br \/>H\u00e9bergement : <a href=\"https:\/\/www.infomaniak.com\/fr\" target=\"_blank\" rel=\"noopener\">Infomaniak<\/a><\/p><h3>Copyrights<\/h3><p>Le site www.woodspars.com est destin\u00e9 \u00e0 l&rsquo;information personnelle de ses visiteurs. Aucune exploitation commerciale, m\u00eame partielle, des donn\u00e9es qui y sont pr\u00e9sent\u00e9es ne pourra \u00eatre effectu\u00e9e dans l&rsquo;accord pr\u00e9alable et \u00e9crit de WoodSpars\u2122.<\/p><h3>Droits de propri\u00e9t\u00e9 intellectuelle<\/h3><p>L\u2019ensemble\u00a0des \u00e9l\u00e9ments composant le pr\u00e9sent site Internet et notamment, les\u00a0marques, la charte graphique, les bases de donn\u00e9es, images,\u00a0photographies et leur agencement,\u00a0sont prot\u00e9g\u00e9s par les dispositions du\u00a0code de la propri\u00e9t\u00e9 intellectuelle et en particulier le droit d\u2019auteur\u00a0(articles L 111-1 et suivants du code de la propri\u00e9t\u00e9 intellectuelle).\u00a0Toute\u00a0reproduction autoris\u00e9e devra respecter les trois conditions\u00a0suivantes :<br \/>\u2013 Gratuit\u00e9 de la diffusion,<br \/>\u2013 Respect de l\u2019int\u00e9grit\u00e9 des documents reproduits (pas de modification ni alt\u00e9ration d\u2019aucune sorte),<br \/>\u2013 Affichage de la mention source \u00ab www.woodspars.com \u00bb claire et lisible.<\/p><p>En outre, les informations figurant sur ce site ne peuvent \u00eatre reproduites ou repr\u00e9sent\u00e9es qu\u2019\u00e0 des fins d\u2019informations personnelles, associatives ou professionnelles, dans des conditions conformes aux dispositions de l\u2019article L 122-5 du Code de la propri\u00e9t\u00e9 intellectuelle. Toute utilisation \u00e0 des fins commerciales ou publicitaires sans autorisation pr\u00e9alable de WoodSpars\u2122 est strictement interdite.<\/p><p>La cr\u00e9ation de liens hypertextes vers le site www.woodspars.com est soumise \u00e0 l\u2019accord pr\u00e9alable du directeur de la publication. Les liens hypertextes \u00e9tablis en direction d\u2019autres sites \u00e0 partir de www.woodspars.com ne sauraient, en aucun cas, engager la responsabilit\u00e9 de l\u2019\u00e9diteur.<\/p><h3>Responsabilit\u00e9<\/h3><p>WoodSpars\u2122 ne pourra \u00eatre tenue responsable pour quelque dommage que ce soit tant direct qu\u2019indirect, quelles qu\u2019en soient les causes, origines, natures ou cons\u00e9quences, provoqu\u00e9s en raison de l\u2019acc\u00e8s de quiconque au site ou de l\u2019impossibilit\u00e9 d\u2019y acc\u00e9der, de m\u00eame que l\u2019utilisation du site et\/ou cr\u00e9dit accord\u00e9 \u00e0 une quelconque information provenant directement ou indirectement de ce dernier.<\/p><p>L\u2019utilisateur s\u2019engage \u00e0 ne transmettre sur ce site aucune information pouvant entra\u00eener une responsabilit\u00e9 civile ou p\u00e9nale et s\u2019engage \u00e0 ce titre \u00e0 ne pas divulguer via ce site des informations ill\u00e9gales, contraires \u00e0 l\u2019ordre public ou diffamatoires, notamment en cas de chat ou de forum. Les sites ext\u00e9rieurs au pr\u00e9sent site ayant un lien hypertexte avec le pr\u00e9sent site ne sont pas sous contr\u00f4le de WoodSpars\u2122 qui d\u00e9cline par cons\u00e9quent toute responsabilit\u00e9 quant \u00e0 leur contenu. Ces liens vers d\u2019autres sites ne constituent, en aucun cas, une approbation ou un partenariat entre WoodSpars\u2122 et ces sites, ceux-l\u00e0 \u00e9tant soumis \u00e0 leurs propres conditions d\u2019utilisation et politiques de protection de la vie priv\u00e9e.<\/p><h3>Acc\u00e8s au site<\/h3><p>WoodSpars\u2122 se r\u00e9serve le droit de modifier, de r\u00e9silier, de suspendre ou d\u2019interrompre \u00e0 tout moment, pour toutes raisons et \u00e0 sa seule discr\u00e9tion, l\u2019acc\u00e8s \u00e0 tout ou partie du site, y compris notamment le contenu, les fonctionnalit\u00e9s ou les heures de disponibilit\u00e9 sans avis pr\u00e9alable.<\/p><h3>Protection des donn\u00e9es personnelles<\/h3><p>L\u2019utilisateur\u00a0dispose d\u2019un droit d\u2019acc\u00e8s, de modification, de rectification et de\u00a0suppression des donn\u00e9es personnelles collect\u00e9es sur le pr\u00e9sent site\u00a0(art. 26, 34 \u00e0 38 de la loi \u00ab\u00a0Informatique et Libert\u00e9s \u00bb n\u00b0 78-17 du 6\u00a0janvier 1978). Pour exercer ce droit, il convient d\u2019adresser un message \u00e0\u00a0Concept Image Communication via la rubrique \u00ab Contact \u00bb du site.<\/p><h3>Utilisation des donn\u00e9es personnelles collect\u00e9es<\/h3><p>Quand vous laissez un commentaire sur notre site web, les donn\u00e9es inscrites dans le formulaire de commentaire, mais aussi votre adresse IP et l&rsquo;agent utilisateur de votre navigateur sont collect\u00e9s pour nous aider \u00e0 la d\u00e9tection des commentaires ind\u00e9sirables. Une\u00a0cha\u00eene anonymis\u00e9e cr\u00e9\u00e9e \u00e0 partir de votre adresse de messagerie\u00a0(\u00e9galement appel\u00e9e hash) peut \u00eatre envoy\u00e9e au service Gravatar pour\u00a0v\u00e9rifier si vous utilisez ce dernier. Les\u00a0clauses de confidentialit\u00e9 du\u00a0service Gravatar sont disponibles ici : https:\/\/automattic.com\/privacy\/.\u00a0Apr\u00e8s validation de votre commentaire, votre photo de profil sera\u00a0visible\u00a0publiquement \u00e0 cot\u00e9 de votre commentaire.<\/p><h3>Avertissement<\/h3><p>WoodSpars\u2122 fait les meilleurs efforts pour assurer l&rsquo;exactitude de l&rsquo;ensemble des informations mises \u00e0 la disposition des visiteurs sur le site de la soci\u00e9t\u00e9 WoodSpars\u2122, mais celles-ci peuvent contenir des inexactitudes techniques, des erreurs typographiques ou encore \u00eatre incompl\u00e8tes.<br \/>Ces informations peuvent \u00eatre corrig\u00e9es, modifi\u00e9es ou supprim\u00e9es par WoodSpars\u2122 \u00e0 tout moment et sans pr\u00e9avis. Les calendriers et dates sont donn\u00e9s \u00e0 titre indicatif, assujettis \u00e0 changement par WoodSpars\u2122.<br \/>WoodSpars\u2122 d\u00e9cline toute responsabilit\u00e9 pour toute information, inexactitude ou omission portant sur les informations disponibles sur le site internet www.woodspars.com<br \/>En outre, toute d\u00e9cision prise sur la foi de ces informations ne peut engager la responsabilit\u00e9 de WoodSpars\u2122.<\/p><h3>M\u00e9dias<\/h3><p>Si vous \u00eates un utilisateur ou une utilisatrice enregistr\u00e9(e) et que vous t\u00e9l\u00e9chargez des images sur le site web, nous vous conseillons d\u2019\u00e9viter de t\u00e9l\u00e9charger des images contenant des donn\u00e9es EXIF de coordonn\u00e9es GPS. Les visiteurs de votre site web peuvent t\u00e9l\u00e9charger et extraire des donn\u00e9es de localisation depuis ces images.<\/p><h3>Cookies<\/h3><p>Si vous d\u00e9posez un commentaire sur notre site, il vous sera propos\u00e9 d\u2019enregistrer votre nom, adresse de messagerie et site web dans des cookies. C\u2019est uniquement pour votre confort afin de ne pas avoir \u00e0 saisir ces informations si vous d\u00e9posez un autre commentaire plus tard. Ces cookies expirent au bout d\u2019un an.<\/p><p>Si\u00a0vous avez un compte et que vous vous connectez sur ce site, un cookie\u00a0temporaire sera cr\u00e9\u00e9 afin de d\u00e9terminer si votre navigateur accepte les\u00a0cookies. Il ne contient pas de\u00a0donn\u00e9es personnelles et sera supprim\u00e9\u00a0automatiquement \u00e0 la fermeture de votre navigateur.<\/p><p>Lorsque\u00a0vous vous connecterez, nous mettrons en place un certain nombre de\u00a0cookies pour enregistrer vos informations de connexion et vos\u00a0pr\u00e9f\u00e9rences d\u2019\u00e9cran. La dur\u00e9e de vie\u00a0d\u2019un cookie de connexion est de\u00a0deux jours, celle d\u2019un cookie d\u2019option d\u2019\u00e9cran est d\u2019un an. Si vous\u00a0cochez \u00ab Se souvenir de moi \u00bb, votre cookie de connexion sera conserv\u00e9\u00a0pendant\u00a0deux semaines. Si vous vous d\u00e9connectez de votre compte, le\u00a0cookie de connexion sera effac\u00e9.<\/p><p>En\u00a0modifiant ou en publiant une publication, un cookie suppl\u00e9mentaire sera\u00a0enregistr\u00e9 dans votre navigateur. Ce cookie ne comprend aucune donn\u00e9e\u00a0personnelle. Il indique\u00a0simplement l\u2019ID de la publication que vous venez\u00a0de modifier. Il expire au bout d\u2019un jour.<\/p><h3>Contenu embarqu\u00e9 depuis d&rsquo;autres sites<\/h3><p>Les articles de ce site peuvent inclure des contenus int\u00e9gr\u00e9s (par exemple des vid\u00e9os, images, articles\u2026). Le contenu int\u00e9gr\u00e9 depuis d\u2019autres sites se comporte de la m\u00eame mani\u00e8re que si le visiteur se rendait sur cet autre site.<\/p><p>Ces\u00a0sites web pourraient collecter des donn\u00e9es sur vous, utiliser des\u00a0cookies, embarquer des outils de suivis tiers, suivre vos interactions\u00a0avec ces contenus embarqu\u00e9s si vous\u00a0disposez d\u2019un compte connect\u00e9 sur\u00a0leur site web.<\/p><h3>Dur\u00e9es de stockage de vos donn\u00e9es<\/h3><p>Si vous laissez un commentaire, le commentaire et ses m\u00e9tadonn\u00e9es sont conserv\u00e9s ind\u00e9finiment. Cela permet de reconna\u00eetre et approuver automatiquement les commentaires suivants au lieu de les laisser dans la file de mod\u00e9ration.<\/p><p>Pour\u00a0les utilisateurs et utilisatrices qui s\u2019enregistrent sur notre site (si\u00a0cela est possible), nous stockons \u00e9galement les donn\u00e9es personnelles\u00a0indiqu\u00e9es dans leur profil. Tous les\u00a0utilisateurs et utilisatrices\u00a0peuvent voir, modifier ou supprimer leurs informations personnelles \u00e0\u00a0tout moment (\u00e0 l\u2019exception de leur nom d\u2019utilisateur\u00b7ice). Les\u00a0gestionnaires du site\u00a0peuvent aussi voir et modifier ces informations.<\/p><h3>Les droits que vous avez sur vos donn\u00e9es<\/h3><p>Si vous avez un compte ou si vous avez laiss\u00e9 des commentaires sur le site, vous pouvez demander \u00e0 recevoir un fichier contenant toutes les donn\u00e9es personnelles que nous poss\u00e9dons \u00e0 votre sujet, incluant celles que vous nous avez fournies. Vous pouvez \u00e9galement demander la suppression des donn\u00e9es personnelles vous concernant. Cela ne prend pas en compte les donn\u00e9es stock\u00e9es \u00e0 des fins administratives, l\u00e9gales ou pour des raisons de s\u00e9curit\u00e9.<\/p><h3>Transmission de vos donn\u00e9es personnelles<\/h3><p>Les commentaires des visiteurs peuvent \u00eatre v\u00e9rifi\u00e9s \u00e0 l\u2019aide d\u2019un service automatis\u00e9 de d\u00e9tection des commentaires ind\u00e9sirables.<\/p>\t\t\t\t\t\t\t\t<\/div>\n\t\t\t\t<\/div>\n\t\t\t\t\t<\/div>\n\t\t<\/div>\n\t\t\t\t\t<\/div>\n\t\t<\/section>\n\t\t\t\t<\/div>","protected":false},"excerpt":{"rendered":"<p>Marque WoodSpars\u2122 D\u00e9p\u00f4t INPI sous le num\u00e9ro 4764317 \u00a9 Copyright 2021 &#8211; Tous droits r\u00e9serv\u00e9s Propri\u00e9taire du site : Charpentier Marine Morbihan Design \/ R\u00e9daction \/ Int\u00e9gration : Concept Image Communication H\u00e9bergement : Infomaniak Copyrights Le site www.woodspars.com est destin\u00e9 \u00e0 l&rsquo;information personnelle de ses visiteurs. Aucune exploitation commerciale, m\u00eame partielle, des donn\u00e9es qui y [&hellip;]<\/p>\n","protected":false},"author":1,"featured_media":0,"parent":0,"menu_order":0,"comment_status":"closed","ping_status":"closed","template":"","meta":{"footnotes":""},"class_list":["post-172","page","type-page","status-publish","hentry"],"yoast_head":"<!-- This site is optimized with the Yoast SEO plugin v27.4 - https:\/\/yoast.com\/product\/yoast-seo-wordpress\/ -->\n<title>Mentions l\u00e9gales de la marque WoodSpars\u2122 - Woodspars<\/title>\n<meta name=\"description\" content=\"Mentions l\u00e9gales de la marque WoodSpars\u2122, fabrication de bois rond pour le nautisme, le b\u00e2timent et les espaces verts dans le Morbihan.\" \/>\n<meta name=\"robots\" content=\"noindex, follow\" \/>\n<meta property=\"og:locale\" content=\"en_US\" \/>\n<meta property=\"og:type\" content=\"article\" \/>\n<meta property=\"og:title\" content=\"Mentions l\u00e9gales de la marque WoodSpars\u2122 - Woodspars\" \/>\n<meta property=\"og:description\" content=\"Mentions l\u00e9gales de la marque WoodSpars\u2122, fabrication de bois rond pour le nautisme, le b\u00e2timent et les espaces verts dans le Morbihan.\" \/>\n<meta property=\"og:url\" content=\"https:\/\/www.woodspars.com\/en\/mentions-legales\/\" \/>\n<meta property=\"og:site_name\" content=\"Woodspars\" \/>\n<meta property=\"article:publisher\" content=\"https:\/\/www.facebook.com\/CharpentierMarineMorbihan\" \/>\n<meta property=\"article:modified_time\" content=\"2026-02-24T15:53:44+00:00\" \/>\n<meta name=\"twitter:card\" content=\"summary_large_image\" \/>\n<meta name=\"twitter:label1\" content=\"Est. reading time\" \/>\n\t<meta name=\"twitter:data1\" content=\"7 minutes\" \/>\n<script type=\"application\/ld+json\" class=\"yoast-schema-graph\">{\"@context\":\"https:\\\/\\\/schema.org\",\"@graph\":[{\"@type\":\"WebPage\",\"@id\":\"https:\\\/\\\/www.woodspars.com\\\/mentions-legales\\\/\",\"url\":\"https:\\\/\\\/www.woodspars.com\\\/mentions-legales\\\/\",\"name\":\"Mentions l\u00e9gales de la marque WoodSpars\u2122 - Woodspars\",\"isPartOf\":{\"@id\":\"https:\\\/\\\/www.woodspars.com\\\/#website\"},\"datePublished\":\"2021-05-28T13:12:23+00:00\",\"dateModified\":\"2026-02-24T15:53:44+00:00\",\"description\":\"Mentions l\u00e9gales de la marque WoodSpars\u2122, fabrication de bois rond pour le nautisme, le b\u00e2timent et les espaces verts dans le Morbihan.\",\"breadcrumb\":{\"@id\":\"https:\\\/\\\/www.woodspars.com\\\/mentions-legales\\\/#breadcrumb\"},\"inLanguage\":\"en-US\",\"potentialAction\":[{\"@type\":\"ReadAction\",\"target\":[\"https:\\\/\\\/www.woodspars.com\\\/mentions-legales\\\/\"]}]},{\"@type\":\"BreadcrumbList\",\"@id\":\"https:\\\/\\\/www.woodspars.com\\\/mentions-legales\\\/#breadcrumb\",\"itemListElement\":[{\"@type\":\"ListItem\",\"position\":1,\"name\":\"Accueil\",\"item\":\"https:\\\/\\\/www.woodspars.com\\\/\"},{\"@type\":\"ListItem\",\"position\":2,\"name\":\"Mentions l\u00e9gales\"}]},{\"@type\":\"WebSite\",\"@id\":\"https:\\\/\\\/www.woodspars.com\\\/#website\",\"url\":\"https:\\\/\\\/www.woodspars.com\\\/\",\"name\":\"Woodspars\",\"description\":\"Le partenaire id\u00e9al pour tous vos projets en bois rond.\",\"publisher\":{\"@id\":\"https:\\\/\\\/www.woodspars.com\\\/#organization\"},\"potentialAction\":[{\"@type\":\"SearchAction\",\"target\":{\"@type\":\"EntryPoint\",\"urlTemplate\":\"https:\\\/\\\/www.woodspars.com\\\/?s={search_term_string}\"},\"query-input\":{\"@type\":\"PropertyValueSpecification\",\"valueRequired\":true,\"valueName\":\"search_term_string\"}}],\"inLanguage\":\"en-US\"},{\"@type\":\"Organization\",\"@id\":\"https:\\\/\\\/www.woodspars.com\\\/#organization\",\"name\":\"WOODSPARS\",\"url\":\"https:\\\/\\\/www.woodspars.com\\\/\",\"logo\":{\"@type\":\"ImageObject\",\"inLanguage\":\"en-US\",\"@id\":\"https:\\\/\\\/www.woodspars.com\\\/#\\\/schema\\\/logo\\\/image\\\/\",\"url\":\"https:\\\/\\\/www.woodspars.com\\\/wp-content\\\/uploads\\\/2025\\\/09\\\/cropped-Logo_WS-3.png\",\"contentUrl\":\"https:\\\/\\\/www.woodspars.com\\\/wp-content\\\/uploads\\\/2025\\\/09\\\/cropped-Logo_WS-3.png\",\"width\":512,\"height\":512,\"caption\":\"WOODSPARS\"},\"image\":{\"@id\":\"https:\\\/\\\/www.woodspars.com\\\/#\\\/schema\\\/logo\\\/image\\\/\"},\"sameAs\":[\"https:\\\/\\\/www.facebook.com\\\/CharpentierMarineMorbihan\",\"https:\\\/\\\/www.instagram.com\\\/woodspars\\\/\",\"https:\\\/\\\/www.youtube.com\\\/@woodspars_greements_bois\"]}]}<\/script>\n<!-- \/ Yoast SEO plugin. -->","yoast_head_json":{"title":"Mentions l\u00e9gales de la marque WoodSpars\u2122 - Woodspars","description":"Mentions l\u00e9gales de la marque WoodSpars\u2122, fabrication de bois rond pour le nautisme, le b\u00e2timent et les espaces verts dans le Morbihan.","robots":{"index":"noindex","follow":"follow"},"og_locale":"en_US","og_type":"article","og_title":"Mentions l\u00e9gales de la marque WoodSpars\u2122 - Woodspars","og_description":"Mentions l\u00e9gales de la marque WoodSpars\u2122, fabrication de bois rond pour le nautisme, le b\u00e2timent et les espaces verts dans le Morbihan.","og_url":"https:\/\/www.woodspars.com\/en\/mentions-legales\/","og_site_name":"Woodspars","article_publisher":"https:\/\/www.facebook.com\/CharpentierMarineMorbihan","article_modified_time":"2026-02-24T15:53:44+00:00","twitter_card":"summary_large_image","twitter_misc":{"Est. reading time":"7 minutes"},"schema":{"@context":"https:\/\/schema.org","@graph":[{"@type":"WebPage","@id":"https:\/\/www.woodspars.com\/mentions-legales\/","url":"https:\/\/www.woodspars.com\/mentions-legales\/","name":"Mentions l\u00e9gales de la marque WoodSpars\u2122 - Woodspars","isPartOf":{"@id":"https:\/\/www.woodspars.com\/#website"},"datePublished":"2021-05-28T13:12:23+00:00","dateModified":"2026-02-24T15:53:44+00:00","description":"Mentions l\u00e9gales de la marque WoodSpars\u2122, fabrication de bois rond pour le nautisme, le b\u00e2timent et les espaces verts dans le Morbihan.","breadcrumb":{"@id":"https:\/\/www.woodspars.com\/mentions-legales\/#breadcrumb"},"inLanguage":"en-US","potentialAction":[{"@type":"ReadAction","target":["https:\/\/www.woodspars.com\/mentions-legales\/"]}]},{"@type":"BreadcrumbList","@id":"https:\/\/www.woodspars.com\/mentions-legales\/#breadcrumb","itemListElement":[{"@type":"ListItem","position":1,"name":"Accueil","item":"https:\/\/www.woodspars.com\/"},{"@type":"ListItem","position":2,"name":"Mentions l\u00e9gales"}]},{"@type":"WebSite","@id":"https:\/\/www.woodspars.com\/#website","url":"https:\/\/www.woodspars.com\/","name":"Wood spars","description":"Le partenaire id\u00e9al pour tous vos projets en bois rond.","publisher":{"@id":"https:\/\/www.woodspars.com\/#organization"},"potentialAction":[{"@type":"SearchAction","target":{"@type":"EntryPoint","urlTemplate":"https:\/\/www.woodspars.com\/?s={search_term_string}"},"query-input":{"@type":"PropertyValueSpecification","valueRequired":true,"valueName":"search_term_string"}}],"inLanguage":"en-US"},{"@type":"Organization","@id":"https:\/\/www.woodspars.com\/#organization","name":"WOODSPARS","url":"https:\/\/www.woodspars.com\/","logo":{"@type":"ImageObject","inLanguage":"en-US","@id":"https:\/\/www.woodspars.com\/#\/schema\/logo\/image\/","url":"https:\/\/www.woodspars.com\/wp-content\/uploads\/2025\/09\/cropped-Logo_WS-3.png","contentUrl":"https:\/\/www.woodspars.com\/wp-content\/uploads\/2025\/09\/cropped-Logo_WS-3.png","width":512,"height":512,"caption":"WOODSPARS"},"image":{"@id":"https:\/\/www.woodspars.com\/#\/schema\/logo\/image\/"},"sameAs":["https:\/\/www.facebook.com\/CharpentierMarineMorbihan","https:\/\/www.instagram.com\/woodspars\/","https:\/\/www.youtube.com\/@woodspars_greements_bois"]}]}},"_links":{"self":[{"href":"https:\/\/www.woodspars.com\/en\/wp-json\/wp\/v2\/pages\/172","targetHints":{"allow":["GET"]}}],"collection":[{"href":"https:\/\/www.woodspars.com\/en\/wp-json\/wp\/v2\/pages"}],"about":[{"href":"https:\/\/www.woodspars.com\/en\/wp-json\/wp\/v2\/types\/page"}],"author":[{"embeddable":true,"href":"https:\/\/www.woodspars.com\/en\/wp-json\/wp\/v2\/users\/1"}],"replies":[{"embeddable":true,"href":"https:\/\/www.woodspars.com\/en\/wp-json\/wp\/v2\/comments?post=172"}],"version-history":[{"count":21,"href":"https:\/\/www.woodspars.com\/en\/wp-json\/wp\/v2\/pages\/172\/revisions"}],"predecessor-version":[{"id":3106,"href":"https:\/\/www.woodspars.com\/en\/wp-json\/wp\/v2\/pages\/172\/revisions\/3106"}],"wp:attachment":[{"href":"https:\/\/www.woodspars.com\/en\/wp-json\/wp\/v2\/media?parent=172"}],"curies":[{"name":"wp","href":"https:\/\/api.w.org\/{rel}","templated":true}]}}